{"id":219,"date":"2018-12-06T15:44:31","date_gmt":"2018-12-06T15:44:31","guid":{"rendered":"http:\/\/psicologiailuro.com\/?page_id=219"},"modified":"2026-02-26T09:03:52","modified_gmt":"2026-02-26T09:03:52","slug":"adults","status":"publish","type":"page","link":"https:\/\/psicologiailuro.com\/es\/adults","title":{"rendered":"Adultos"},"content":{"rendered":"<p class=\"p1\"><span class=\"s1\">El malestar no aparece por casualidad; a menudo es una manera de expresar algo que a\u00fan no ha podido ser pensado o elaborado.<\/span><\/p>\n<p class=\"p1\"><span class=\"s1\">No hace falta encontrarse en una situaci\u00f3n extrema para iniciar un proceso psicoterap\u00e9utico. A veces el malestar no es muy intenso, pero se instala en la vida cotidiana y empieza a ocupar demasiado espacio: dificulta las relacionas, la toma de decisiones o el bienestar personal.<\/span><\/p>\n\n\n<figure class=\"wp-block-image size-large hero-full\"><img loading=\"lazy\" decoding=\"async\" width=\"1024\" height=\"256\" src=\"https:\/\/psicologiailuro.com\/wp-content\/uploads\/2026\/02\/adults-1024x256.png\" alt=\"\" class=\"wp-image-840\" srcset=\"https:\/\/psicologiailuro.com\/wp-content\/uploads\/2026\/02\/adults-1024x256.png 1024w, https:\/\/psicologiailuro.com\/wp-content\/uploads\/2026\/02\/adults-300x75.png 300w, https:\/\/psicologiailuro.com\/wp-content\/uploads\/2026\/02\/adults-768x192.png 768w, https:\/\/psicologiailuro.com\/wp-content\/uploads\/2026\/02\/adults-1536x384.png 1536w, https:\/\/psicologiailuro.com\/wp-content\/uploads\/2026\/02\/adults-18x5.png 18w, https:\/\/psicologiailuro.com\/wp-content\/uploads\/2026\/02\/adults.png 1584w\" sizes=\"auto, (max-width: 1024px) 100vw, 1024px\" \/><\/figure>\n\n\n\n<p>&nbsp;<\/p>\n<p class=\"p1\"><span class=\"s1\">La psicoterapia ofrece un espacio donde poder detenerse, comprender qu\u00e9 est\u00e1 pasando y dar sentido a lo que se vive. No se trata s\u00f3lo de aliviar el s\u00edntoma, sino de entender qu\u00e9 expresa y qu\u00e9 lugar ocupa en la historia personal de cada persona.<\/span><\/p>\n<p style=\"text-align: center;\"><strong>MOTIVOS DE CONSULTA M\u00c1S FRECUENTES:<\/strong><\/p>\n\n\n\n<div class=\"wp-block-columns is-layout-flex wp-container-core-columns-is-layout-9d6595d7 wp-block-columns-is-layout-flex\">\n<div class=\"wp-block-column is-layout-flow wp-block-column-is-layout-flow\">\n<figure class=\"wp-block-image size-full\"><img loading=\"lazy\" decoding=\"async\" width=\"320\" height=\"320\" src=\"https:\/\/psicologiailuro.com\/wp-content\/uploads\/2026\/02\/19.png\" alt=\"\" class=\"wp-image-829\" srcset=\"https:\/\/psicologiailuro.com\/wp-content\/uploads\/2026\/02\/19.png 320w, https:\/\/psicologiailuro.com\/wp-content\/uploads\/2026\/02\/19-300x300.png 300w, https:\/\/psicologiailuro.com\/wp-content\/uploads\/2026\/02\/19-150x150.png 150w, https:\/\/psicologiailuro.com\/wp-content\/uploads\/2026\/02\/19-12x12.png 12w\" sizes=\"auto, (max-width: 320px) 100vw, 320px\" \/><figcaption class=\"wp-element-caption\">Preocupaci\u00f3n constante<br>Dificultad para desconectar<br>Ataques de ansiedad<br>Somatizaciones (dolor f\u00edsico sin causa m\u00e9dica)<br>Insomnio<\/figcaption><\/figure>\n\n\n\n<p style=\"text-align: center;\">Ansiedad<\/p>\n<\/div>\n\n\n\n<div class=\"wp-block-column is-layout-flow wp-block-column-is-layout-flow\">\n<figure class=\"wp-block-image size-full\"><img loading=\"lazy\" decoding=\"async\" width=\"320\" height=\"320\" src=\"https:\/\/psicologiailuro.com\/wp-content\/uploads\/2026\/02\/20.png\" alt=\"\" class=\"wp-image-830\" srcset=\"https:\/\/psicologiailuro.com\/wp-content\/uploads\/2026\/02\/20.png 320w, https:\/\/psicologiailuro.com\/wp-content\/uploads\/2026\/02\/20-300x300.png 300w, https:\/\/psicologiailuro.com\/wp-content\/uploads\/2026\/02\/20-150x150.png 150w, https:\/\/psicologiailuro.com\/wp-content\/uploads\/2026\/02\/20-12x12.png 12w\" sizes=\"auto, (max-width: 320px) 100vw, 320px\" \/><figcaption class=\"wp-element-caption\">Tristeza persistente<br>Sensaci\u00f3n de vac\u00edo o de falta de sentido<br>Irritabilidad o cambios de humor<br>P\u00e9rdida de inter\u00e9s o motivaci\u00f3n<br>Pensamientos negativos recurrentes<\/figcaption><\/figure>\n\n\n\n<p style=\"text-align: center;\">Malestar emocional<\/p>\n<\/div>\n\n\n\n<div class=\"wp-block-column is-layout-flow wp-block-column-is-layout-flow\">\n<figure class=\"wp-block-image size-full\"><img loading=\"lazy\" decoding=\"async\" width=\"320\" height=\"320\" src=\"https:\/\/psicologiailuro.com\/wp-content\/uploads\/2026\/02\/21.png\" alt=\"\" class=\"wp-image-831\" srcset=\"https:\/\/psicologiailuro.com\/wp-content\/uploads\/2026\/02\/21.png 320w, https:\/\/psicologiailuro.com\/wp-content\/uploads\/2026\/02\/21-300x300.png 300w, https:\/\/psicologiailuro.com\/wp-content\/uploads\/2026\/02\/21-150x150.png 150w, https:\/\/psicologiailuro.com\/wp-content\/uploads\/2026\/02\/21-12x12.png 12w\" sizes=\"auto, (max-width: 320px) 100vw, 320px\" \/><figcaption class=\"wp-element-caption\">Autoexigencia intensa<br>Sentimientos de culpa<br>Sensaci\u00f3n de no ser suficiente<br>Inseguridad en la toma de decisiones<br>Dificultades para reconocer necesidades propias<\/figcaption><\/figure>\n\n\n\n<p style=\"text-align: center;\">Autoestima i autoexigencia<\/p>\n<\/div>\n<\/div>\n\n\n\n\n\n<div class=\"wp-block-columns is-layout-flex wp-container-core-columns-is-layout-9d6595d7 wp-block-columns-is-layout-flex\">\n<div class=\"wp-block-column is-layout-flow wp-block-column-is-layout-flow\">\n<figure class=\"wp-block-image size-full\"><img loading=\"lazy\" decoding=\"async\" width=\"320\" height=\"320\" src=\"https:\/\/psicologiailuro.com\/wp-content\/uploads\/2026\/02\/22.png\" alt=\"\" class=\"wp-image-832\" srcset=\"https:\/\/psicologiailuro.com\/wp-content\/uploads\/2026\/02\/22.png 320w, https:\/\/psicologiailuro.com\/wp-content\/uploads\/2026\/02\/22-300x300.png 300w, https:\/\/psicologiailuro.com\/wp-content\/uploads\/2026\/02\/22-150x150.png 150w, https:\/\/psicologiailuro.com\/wp-content\/uploads\/2026\/02\/22-12x12.png 12w\" sizes=\"auto, (max-width: 320px) 100vw, 320px\" \/><figcaption class=\"wp-element-caption\">Conflictos de pareja<br>Dificultades para poner l\u00edmites<br>Relaciones que generan sufrimiento<br>Sensaci\u00f3n de soledad o incomprensi\u00f3n<br>Din\u00e1micas repetitivas que cuesta modificar<\/figcaption><\/figure>\n\n\n\n<p style=\"text-align: center;\">Dificultades en las relaciones<\/p>\n<\/div>\n\n\n\n<div class=\"wp-block-column is-layout-flow wp-block-column-is-layout-flow\">\n<figure class=\"wp-block-image size-full\"><img loading=\"lazy\" decoding=\"async\" width=\"320\" height=\"320\" src=\"https:\/\/psicologiailuro.com\/wp-content\/uploads\/2026\/02\/23.png\" alt=\"\" class=\"wp-image-833\" srcset=\"https:\/\/psicologiailuro.com\/wp-content\/uploads\/2026\/02\/23.png 320w, https:\/\/psicologiailuro.com\/wp-content\/uploads\/2026\/02\/23-300x300.png 300w, https:\/\/psicologiailuro.com\/wp-content\/uploads\/2026\/02\/23-150x150.png 150w, https:\/\/psicologiailuro.com\/wp-content\/uploads\/2026\/02\/23-12x12.png 12w\" sizes=\"auto, (max-width: 320px) 100vw, 320px\" \/><figcaption class=\"wp-element-caption\">Separaciones o divorcios<br>Muerte de una persona querida<br>Cambios laborales<br>Jubilaci\u00f3n<\/figcaption><\/figure>\n\n\n\n<p style=\"text-align: center;\">Procesos de duelo<\/p>\n<\/div>\n\n\n\n<div class=\"wp-block-column is-layout-flow wp-block-column-is-layout-flow\">\n<figure class=\"wp-block-image size-full\"><img loading=\"lazy\" decoding=\"async\" width=\"320\" height=\"320\" src=\"https:\/\/psicologiailuro.com\/wp-content\/uploads\/2026\/02\/24.png\" alt=\"\" class=\"wp-image-834\" srcset=\"https:\/\/psicologiailuro.com\/wp-content\/uploads\/2026\/02\/24.png 320w, https:\/\/psicologiailuro.com\/wp-content\/uploads\/2026\/02\/24-300x300.png 300w, https:\/\/psicologiailuro.com\/wp-content\/uploads\/2026\/02\/24-150x150.png 150w, https:\/\/psicologiailuro.com\/wp-content\/uploads\/2026\/02\/24-12x12.png 12w\" sizes=\"auto, (max-width: 320px) 100vw, 320px\" \/><figcaption class=\"wp-element-caption\">Disminuci\u00f3n del deseo sexual<br>Dificultades para llegar al orgasmo<br>Dolor en las relaciones sexuales<br>Problemas de erecci\u00f3n o eyaculaci\u00f3n<br>Relaciones sexuales que generan sufrimiento<\/figcaption><\/figure>\n\n\n\n<p style=\"text-align: center;\">Sexualidad<\/p>\n<\/div>\n<\/div>","protected":false},"excerpt":{"rendered":"<p>El malestar no apareix per casualitat; sovint \u00e9s una manera d\u2019expressar alguna cosa que encara no ha pogut ser pensada o elaborada. No cal trobar-se en una situaci\u00f3 extrema per iniciar un proc\u00e9s psicoterap\u00e8utic. A vegades el malestar no \u00e9s muy intenso, per\u00f2 s\u2019instal\u00b7la en la vida quotidiana i comen\u00e7a a ocupar massa espai: dificulta &#8230; <a title=\"Adultos\" class=\"read-more\" href=\"https:\/\/psicologiailuro.com\/es\/adults\" aria-label=\"Leer m\u00e1s sobre Adults\">Leer m\u00e1s<\/a><\/p>","protected":false},"author":1,"featured_media":0,"parent":0,"menu_order":0,"comment_status":"closed","ping_status":"closed","template":"","meta":{"footnotes":""},"class_list":["post-219","page","type-page","status-publish"],"_links":{"self":[{"href":"https:\/\/psicologiailuro.com\/es\/wp-json\/wp\/v2\/pages\/219","targetHints":{"allow":["GET"]}}],"collection":[{"href":"https:\/\/psicologiailuro.com\/es\/wp-json\/wp\/v2\/pages"}],"about":[{"href":"https:\/\/psicologiailuro.com\/es\/wp-json\/wp\/v2\/types\/page"}],"author":[{"embeddable":true,"href":"https:\/\/psicologiailuro.com\/es\/wp-json\/wp\/v2\/users\/1"}],"replies":[{"embeddable":true,"href":"https:\/\/psicologiailuro.com\/es\/wp-json\/wp\/v2\/comments?post=219"}],"version-history":[{"count":13,"href":"https:\/\/psicologiailuro.com\/es\/wp-json\/wp\/v2\/pages\/219\/revisions"}],"predecessor-version":[{"id":854,"href":"https:\/\/psicologiailuro.com\/es\/wp-json\/wp\/v2\/pages\/219\/revisions\/854"}],"wp:attachment":[{"href":"https:\/\/psicologiailuro.com\/es\/wp-json\/wp\/v2\/media?parent=219"}],"curies":[{"name":"wp","href":"https:\/\/api.w.org\/{rel}","templated":true}]}}