{"id":229,"date":"2018-12-06T16:35:44","date_gmt":"2018-12-06T16:35:44","guid":{"rendered":"http:\/\/psicologiailuro.com\/?page_id=229"},"modified":"2026-02-25T20:39:19","modified_gmt":"2026-02-25T20:39:19","slug":"terapia-familiar","status":"publish","type":"page","link":"https:\/\/psicologiailuro.com\/es\/terapia-familiar","title":{"rendered":"Familias"},"content":{"rendered":"<p class=\"p1\"><span class=\"s1\">En el si de la familia nos constituimos como personas y como seres sociales. Idealmente, la familia tendr\u00eda que ser un espacio de seguridad y confianza; cuando aparece el malestar, a menudo est\u00e1 expresando algo que necesita ser comprendido dentro de la din\u00e1mica relacional.<\/span><\/p>\n<p class=\"p1\"><span class=\"s1\">Las tensiones sostenidas, el sufrimiento de uno de sus miembros o los momentos de cambio pueden alterar la convivencia y dificultar que la familia encuentre, por si sola, una nueva manera de organizarse. Las din\u00e1micas que se establecen pueden favorecer el desarrollo o, en determinados momentos, acabar generando un bloqueo o sufrimiento.<\/span><\/p>\n\n\n<figure class=\"wp-block-image size-large hero-full\"><img loading=\"lazy\" decoding=\"async\" width=\"1024\" height=\"256\" src=\"https:\/\/psicologiailuro.com\/wp-content\/uploads\/2026\/02\/familia-1024x256.png\" alt=\"\" class=\"wp-image-777\" srcset=\"https:\/\/psicologiailuro.com\/wp-content\/uploads\/2026\/02\/familia-1024x256.png 1024w, https:\/\/psicologiailuro.com\/wp-content\/uploads\/2026\/02\/familia-300x75.png 300w, https:\/\/psicologiailuro.com\/wp-content\/uploads\/2026\/02\/familia-768x192.png 768w, https:\/\/psicologiailuro.com\/wp-content\/uploads\/2026\/02\/familia-1536x384.png 1536w, https:\/\/psicologiailuro.com\/wp-content\/uploads\/2026\/02\/familia-18x5.png 18w, https:\/\/psicologiailuro.com\/wp-content\/uploads\/2026\/02\/familia.png 1584w\" sizes=\"auto, (max-width: 1024px) 100vw, 1024px\" \/><\/figure>\n\n\n\n<p>&nbsp;<\/p>\n<p class=\"p1\"><span class=\"s1\">La terapia familiar ofrece un espacio compartido para detenerse, comprender qu\u00e9 est\u00e1 sucediendo en las relaciones y reorganizar la convivencia de una manera saludable. No se trata de buscar culpables, sino de entender los procesos que sostienen el conflicto y activar los recursos personales, relacionales y sociales de los que toda familia dispone, aunque a veces no sea consciente.<\/span><\/p>\n<p class=\"p1\"><span class=\"s1\">En Psicolog\u00eda Iluro ofrecemos asesoramiento y psicoterapia familiar con el objetivo de abordar conjuntamente las dificultades que afectan al \u00e1mbito familiar. Seg\u00fan la naturaleza de la demanda, el trabajo puede realizarse con la familia al completo o con alguno de sus subsistemas (parental, conyugal o fraternal), de manera \u00fanica o combinada.<\/span><\/p>\n\n\n\n<p class=\"has-text-align-center\"><strong>MOTIVOS DE CONSULTA M\u00c1S FRECUENTES:<\/strong><\/p>\n\n\n\n<div class=\"wp-block-columns is-layout-flex wp-container-core-columns-is-layout-9d6595d7 wp-block-columns-is-layout-flex\">\n<div class=\"wp-block-column is-layout-flow wp-block-column-is-layout-flow\">\n<figure class=\"wp-block-image size-full\"><img loading=\"lazy\" decoding=\"async\" width=\"320\" height=\"320\" src=\"http:\/\/psicologiailuro.com\/wp-content\/uploads\/2026\/02\/13.png\" alt=\"\" class=\"wp-image-732\" srcset=\"https:\/\/psicologiailuro.com\/wp-content\/uploads\/2026\/02\/13.png 320w, https:\/\/psicologiailuro.com\/wp-content\/uploads\/2026\/02\/13-300x300.png 300w, https:\/\/psicologiailuro.com\/wp-content\/uploads\/2026\/02\/13-150x150.png 150w, https:\/\/psicologiailuro.com\/wp-content\/uploads\/2026\/02\/13-12x12.png 12w\" sizes=\"auto, (max-width: 320px) 100vw, 320px\" \/><figcaption class=\"wp-element-caption\">Impacte del malestar d\u2019un membre en tota la fam\u00edlia<br>Separacions, reorganitzacions familiars o noves parelles<br>Processos de dol, p\u00e8rdues o malaltia<br>Canvis importants (mudan\u00e7a, escola\/institut, canvis laborals,&#8230;)<br>Dificultats d\u2019adaptaci\u00f3 a noves etapes<\/figcaption><\/figure>\n\n\n\n<p style=\"text-align: center;\">Moments de crisi i desestabilitzaci\u00f3 del sistema familiar<\/p>\n<\/div>\n\n\n\n<div class=\"wp-block-column is-layout-flow wp-block-column-is-layout-flow\">\n<figure class=\"wp-block-image size-full\"><img loading=\"lazy\" decoding=\"async\" width=\"320\" height=\"320\" src=\"http:\/\/psicologiailuro.com\/wp-content\/uploads\/2026\/02\/14.png\" alt=\"\" class=\"wp-image-733\" srcset=\"https:\/\/psicologiailuro.com\/wp-content\/uploads\/2026\/02\/14.png 320w, https:\/\/psicologiailuro.com\/wp-content\/uploads\/2026\/02\/14-300x300.png 300w, https:\/\/psicologiailuro.com\/wp-content\/uploads\/2026\/02\/14-150x150.png 150w, https:\/\/psicologiailuro.com\/wp-content\/uploads\/2026\/02\/14-12x12.png 12w\" sizes=\"auto, (max-width: 320px) 100vw, 320px\" \/><figcaption class=\"wp-element-caption\">Discussions que es repeteixen i no es resolen<br>Retrets, cr\u00edtiques o ressentiments<br>Sensaci\u00f3 de no ser escoltats o compresos<br>Silencis prolongats o evitaci\u00f3 del di\u00e0leg<br>Distanciament afectiu o fredor a casa<br>Conviv\u00e8ncia que genera desgast<\/figcaption><\/figure>\n\n\n\n<p style=\"text-align: center;\">Din\u00e0miques relacionals i comunicaci\u00f3 familiar<\/p>\n<\/div>\n\n\n\n<div class=\"wp-block-column is-layout-flow wp-block-column-is-layout-flow\">\n<figure class=\"wp-block-image size-full\"><img loading=\"lazy\" decoding=\"async\" width=\"320\" height=\"320\" src=\"http:\/\/psicologiailuro.com\/wp-content\/uploads\/2026\/02\/15.png\" alt=\"\" class=\"wp-image-734\" srcset=\"https:\/\/psicologiailuro.com\/wp-content\/uploads\/2026\/02\/15.png 320w, https:\/\/psicologiailuro.com\/wp-content\/uploads\/2026\/02\/15-300x300.png 300w, https:\/\/psicologiailuro.com\/wp-content\/uploads\/2026\/02\/15-150x150.png 150w, https:\/\/psicologiailuro.com\/wp-content\/uploads\/2026\/02\/15-12x12.png 12w\" sizes=\"auto, (max-width: 320px) 100vw, 320px\" \/><figcaption class=\"wp-element-caption\">Dificultat per posar l\u00edmits i sostenir-los<br>Desacords en relaci\u00f3 a la crian\u00e7a<br>Conductes desafiants o oposicionistes<br>Sobrec\u00e0rrega en les cures i responsabilitats<\/figcaption><\/figure>\n\n\n\n<p style=\"text-align: center;\">Funci\u00f3 parental, l\u00edmits i organitzaci\u00f3 familiar<\/p>\n<\/div>\n<\/div>","protected":false},"excerpt":{"rendered":"<p>En el si de la fam\u00edlia ens constitu\u00efm com a persones i com a \u00e9ssers socials. Idealment, la fam\u00edlia hauria de ser un espai de seguretat i de confian\u00e7a; quan apareix el malestar, sovint est\u00e0 expressant alguna cosa que necessita ser compresa dins de la din\u00e0mica relacional. Les tensions sostingudes, el patiment d\u2019un dels seus &#8230; <a title=\"Familias\" class=\"read-more\" href=\"https:\/\/psicologiailuro.com\/es\/terapia-familiar\" aria-label=\"Leer m\u00e1s sobre Fam\u00edlies\">Leer m\u00e1s<\/a><\/p>","protected":false},"author":1,"featured_media":0,"parent":0,"menu_order":0,"comment_status":"closed","ping_status":"closed","template":"","meta":{"footnotes":""},"class_list":["post-229","page","type-page","status-publish"],"_links":{"self":[{"href":"https:\/\/psicologiailuro.com\/es\/wp-json\/wp\/v2\/pages\/229","targetHints":{"allow":["GET"]}}],"collection":[{"href":"https:\/\/psicologiailuro.com\/es\/wp-json\/wp\/v2\/pages"}],"about":[{"href":"https:\/\/psicologiailuro.com\/es\/wp-json\/wp\/v2\/types\/page"}],"author":[{"embeddable":true,"href":"https:\/\/psicologiailuro.com\/es\/wp-json\/wp\/v2\/users\/1"}],"replies":[{"embeddable":true,"href":"https:\/\/psicologiailuro.com\/es\/wp-json\/wp\/v2\/comments?post=229"}],"version-history":[{"count":30,"href":"https:\/\/psicologiailuro.com\/es\/wp-json\/wp\/v2\/pages\/229\/revisions"}],"predecessor-version":[{"id":845,"href":"https:\/\/psicologiailuro.com\/es\/wp-json\/wp\/v2\/pages\/229\/revisions\/845"}],"wp:attachment":[{"href":"https:\/\/psicologiailuro.com\/es\/wp-json\/wp\/v2\/media?parent=229"}],"curies":[{"name":"wp","href":"https:\/\/api.w.org\/{rel}","templated":true}]}}