{"id":3,"date":"2018-09-14T18:35:57","date_gmt":"2018-09-14T18:35:57","guid":{"rendered":"http:\/\/psicologiailuro.com\/?page_id=3"},"modified":"2024-02-04T10:04:12","modified_gmt":"2024-02-04T10:04:12","slug":"politicaprivacitat","status":"publish","type":"page","link":"https:\/\/psicologiailuro.com\/es\/politicaprivacitat","title":{"rendered":"Aviso legal"},"content":{"rendered":"<p>En compliment amb el deure informaci\u00f3 recollit a l&#8217;article 10 de la Llei 34\/2002, d&#8217;11 de juliol, de Serveis de la Societat de la Informaci\u00f3 i del Comer\u00e7 Electr\u00f2nic (LSSICE), el propietari del web www.psicologiailuro.com, us informa del seg\u00fcent:<\/p>\n<p>\u2022 Denominaci\u00f3 social: Paola Picardo Souto<br \/>\n\u2022 NIF: 47732123Q<br \/>\n\u2022 Domicili: C\/ Montserrat 23-25, entlo 1a , 08302 &#8211; Matar\u00f3 (Barcelona)<\/p>\n<p>Amb els l\u00edmits establerts a la llei, www.psicologiailuro.com no assumeix cap responsabilitat derivada de la manca de veracitat, integritat, actualitzaci\u00f3 i precisi\u00f3 de les dades o informacions que es contenen a les p\u00e0gines d&#8217;Internet.<br \/>\nEls continguts i la informaci\u00f3 no vinculen a www.psicologiailuro.com ni constitueixen opinions, consells o assessorament legal de cap tipus, ja que es tracta merament d&#8217;un servei ofert amb car\u00e0cter informatiu i divulgatiu.<\/p>\n<p>Les p\u00e0gines d&#8217;Internet de www.psicologiailuro.com poden contenir enlla\u00e7os a altres p\u00e0gines de terceres parts que www.psicologiailuro.com no pot controlar.<\/p>\n<p>Per tant, www.psicologiailuro.com no pot assumir responsabilitats pel contingut que pugui apar\u00e8ixer a p\u00e0gines de tercers.<\/p>\n<p>Els textos, imatges, sons, animacions, programari i la resta de continguts inclosos en aquest web s\u00f3n propietat exclusiva de www.psicologiailuro.com o els seus llicenciants. Qualsevol acte de transmissi\u00f3, distribuci\u00f3, cessi\u00f3, reproducci\u00f3, emmagatzematge o comunicaci\u00f3 p\u00fablica total o parcial ha de comptar amb el consentiment expr\u00e9s de www.psicologiailuro.com.<\/p>\n<p>Aix\u00ed mateix, per accedir a alguns dels serveis que www.psicologiailuro.com ofereix a trav\u00e9s del website haur\u00e0 de proporcionar algunes dades de car\u00e0cter personal. En compliment del que estableix el Reglament (UE) 2016\/679 del Parlament Europeu i del Consell, de 27 d&#8217;abril de 2016, relatiu a la protecci\u00f3 de les persones f\u00edsiques pel que fa al tractament de dades personals ia la lliure circulaci\u00f3 de aquestes dades us informem que, mitjan\u00e7ant l&#8217;emplenament dels presents formularis, les vostres dades personals quedaran incorporades i seran tractades als fitxers de Paola Picardo Souto per tal de poder-vos prestar i oferir els nostres serveis aix\u00ed com per informar-vos de les millores del lloc web .<\/p>\n<p>Aix\u00ed mateix, us informem de la possibilitat que exerceixi els drets d&#8217;acc\u00e9s, rectificaci\u00f3, cancel\u00b7laci\u00f3 i oposici\u00f3 de les vostres dades de car\u00e0cter personal, manera gratu\u00efta mitjan\u00e7ant email a paolapicardo@copc.cat oa l&#8217;adre\u00e7a C\/Montserrat 23-25, entlo 1a , 08302 &#8211; Matar\u00f3 (Barcelona).<\/p>","protected":false},"excerpt":{"rendered":"<p>En compliment amb el deure informaci\u00f3 recollit a l&#8217;article 10 de la Llei 34\/2002, d&#8217;11 de juliol, de Serveis de la Societat de la Informaci\u00f3 i del Comer\u00e7 Electr\u00f2nic (LSSICE), el propietari del web www.psicologiailuro.com, us informa del seg\u00fcent: \u2022 Denominaci\u00f3 social: Paola Picardo Souto \u2022 NIF: 47732123Q \u2022 Domicili: C\/ Montserrat 23-25, entlo 1a &#8230; <a title=\"Aviso legal\" class=\"read-more\" href=\"https:\/\/psicologiailuro.com\/es\/politicaprivacitat\" aria-label=\"Leer m\u00e1s sobre Av\u00eds legal\">Leer m\u00e1s<\/a><\/p>","protected":false},"author":1,"featured_media":0,"parent":0,"menu_order":0,"comment_status":"closed","ping_status":"open","template":"","meta":{"footnotes":""},"class_list":["post-3","page","type-page","status-publish"],"_links":{"self":[{"href":"https:\/\/psicologiailuro.com\/es\/wp-json\/wp\/v2\/pages\/3","targetHints":{"allow":["GET"]}}],"collection":[{"href":"https:\/\/psicologiailuro.com\/es\/wp-json\/wp\/v2\/pages"}],"about":[{"href":"https:\/\/psicologiailuro.com\/es\/wp-json\/wp\/v2\/types\/page"}],"author":[{"embeddable":true,"href":"https:\/\/psicologiailuro.com\/es\/wp-json\/wp\/v2\/users\/1"}],"replies":[{"embeddable":true,"href":"https:\/\/psicologiailuro.com\/es\/wp-json\/wp\/v2\/comments?post=3"}],"version-history":[{"count":4,"href":"https:\/\/psicologiailuro.com\/es\/wp-json\/wp\/v2\/pages\/3\/revisions"}],"predecessor-version":[{"id":334,"href":"https:\/\/psicologiailuro.com\/es\/wp-json\/wp\/v2\/pages\/3\/revisions\/334"}],"wp:attachment":[{"href":"https:\/\/psicologiailuro.com\/es\/wp-json\/wp\/v2\/media?parent=3"}],"curies":[{"name":"wp","href":"https:\/\/api.w.org\/{rel}","templated":true}]}}