{"id":335,"date":"2024-02-04T10:12:57","date_gmt":"2024-02-04T10:12:57","guid":{"rendered":"http:\/\/psicologiailuro.com\/?page_id=335"},"modified":"2024-02-04T11:11:03","modified_gmt":"2024-02-04T11:11:03","slug":"avis-legal-politica-de-cookies","status":"publish","type":"page","link":"https:\/\/psicologiailuro.com\/es\/avis-legal-politica-de-cookies","title":{"rendered":"Pol\u00edtica de cookies"},"content":{"rendered":"<p><strong>Pol\u00edtica de cookies<\/strong><\/p>\n<p>Paola Picardo Souto informa sobre l&#8217;\u00fas de les cookies en la seva p\u00e0gina web: www.psicologiailuro.com<\/p>\n<p><strong>\u00bfQu\u00e9 son las cookies?<\/strong><\/p>\n<p>Les cookies s\u00f3n arxius que es poden descarregar en el seu equip a trav\u00e9s de les p\u00e0gines web. S\u00f3n eines que tenen un paper essencial per a la prestaci\u00f3 de nombrosos serveis de la societat de la informaci\u00f3. Entre altres, permeten a una p\u00e0gina web emmagatzemar i recuperar informaci\u00f3 sobre els h\u00e0bits de navegaci\u00f3 d&#8217;un usuari o del seu equip i, depenent de la informaci\u00f3 obtinguda, es poden utilitzar per a recon\u00e8ixer a l&#8217;usuari i millorar el servei ofert.<\/p>\n<p><strong>Tipos de cookies<\/strong><\/p>\n<p>Segons qui sigui l&#8217;entitat que gestioni el domini des d&#8217;on s&#8217;envien les cookies i tracti les dades que s&#8217;obtinguin es poden distingir dos tipus:<\/p>\n<p><strong><span style=\"color: #339966;\">Cookies propias<\/span><\/strong>: Aquelles que s&#8217;envien a l&#8217;equip terminal de l&#8217;usuari des d&#8217;un equip o domini gestionat pel propi editor i des del qual es presta el servei sol\u00b7licitat per l&#8217;usuari.<\/p>\n<p><span style=\"color: #339966;\"><strong>Cookies de tercers<\/strong><\/span>: Aquelles que s&#8217;envien a l&#8217;equip terminal de l&#8217;usuari des d&#8217;un equip o domini que no \u00e9s gestionat per l&#8217;editor, sin\u00f3 per una altra entitat que tracta les dades obtingudes trav\u00e9s de les cookies.<br \/>\nEn el cas que les cookies siguin instal\u00b7lades des d&#8217;un equip o domini gestionat pel propi editor per\u00f2 la informaci\u00f3 que es reculli mitjan\u00e7ant aquestes sigui gestionada per un tercer, no poden ser considerades com a cookies pr\u00f2pies.<\/p>\n<p>Existeix tamb\u00e9 una segona classificaci\u00f3 segons el termini de temps que romanen emmagatzemades en el navegador del client, podent tractar-se de:<\/p>\n<p><strong><span style=\"color: #339966;\">Cookies de sesi\u00f3n<\/span><\/strong>: Dissenyades per a recaptar i emmagatzemar dades mentre l&#8217;usuari accedeix a una p\u00e0gina web. Se solen emprar per a emmagatzemar informaci\u00f3 que nom\u00e9s interessa conservar per a la prestaci\u00f3 del servei sol\u00b7licitat per l&#8217;usuari en una sola ocasi\u00f3 (p.e. una llista de productes adquirits).<\/p>\n<p><span style=\"color: #339966;\"><strong>Cookies persistentes<\/strong><\/span>: Les dades segueixen emmagatzemats en el terminal i poden ser accedits i tractats durant un per\u00edode definit pel responsable de la cookie, i que pot anar d&#8217;uns minuts a diversos anys.<br \/>\nFinalment, existeix una altra classificaci\u00f3 amb sis tipus de cookies segons la finalitat per a la qual es tractin les dades obtingudes:<\/p>\n<p><strong><span style=\"color: #339966;\">Cookies t\u00e9cnicas<\/span><\/strong>: Aquelles que permeten a l&#8217;usuari la navegaci\u00f3 a trav\u00e9s d&#8217;una p\u00e0gina web, plataforma o aplicaci\u00f3 i la utilitzaci\u00f3 de les diferents opcions o serveis que en ella existeixin com, per exemple, controlar el tr\u00e0nsit i la comunicaci\u00f3 de dades, identificar la sessi\u00f3, accedir a parts d&#8217;acc\u00e9s restringit, recordar els elements que integren una comanda, realitzar el proc\u00e9s de compra d&#8217;una comanda, realitzar la sol\u00b7licitud d&#8217;inscripci\u00f3 o participaci\u00f3 en un esdeveniment, utilitzar elements de seguretat durant la navegaci\u00f3, emmagatzemar continguts per a la difusi\u00f3 de v\u00eddeos o so o compartir continguts a trav\u00e9s de xarxes socials.<\/p>\n<p><span style=\"color: #339966;\"><strong>Cookies de personalizaci\u00f3n<\/strong><\/span>: Permeten a l&#8217;usuari accedir al servei amb algunes caracter\u00edstiques de car\u00e0cter general predefinides en funci\u00f3 d&#8217;una s\u00e8rie de criteris en el terminal de l&#8217;usuari com per exemple serien l&#8217;idioma, el tipus de navegador a trav\u00e9s del qual accedeix al servei, la configuraci\u00f3 regional des d&#8217;on accedeix al servei, etc.<\/p>\n<p><span style=\"color: #339966;\"><strong>Cookies d&#8217;an\u00e0lisis<\/strong><\/span>: Permeten al responsable d&#8217;aquestes, el seguiment i an\u00e0lisi del comportament dels usuaris dels llocs web als quals estan vinculades. La informaci\u00f3 recollida mitjan\u00e7ant aquesta mena de cookies s&#8217;utilitza en el mesurament de l&#8217;activitat dels llocs web, aplicaci\u00f3 o plataforma i per a l&#8217;elaboraci\u00f3 de perfils de navegaci\u00f3 dels usuaris d&#8217;aquests llocs, aplicacions i plataformes, amb la finalitat d&#8217;introduir millores en funci\u00f3 de l&#8217;an\u00e0lisi de les dades d&#8217;\u00fas que fan els usuaris del servei.<\/p>\n<p><span style=\"color: #339966;\"><strong>Cookies publicitarias<\/strong><\/span>: Permeten la gesti\u00f3, de la forma m\u00e9s efica\u00e7 possible, dels espais publicitaris.<\/p>\n<p><span style=\"color: #339966;\"><strong>Cookies de publicidad comportamental<\/strong><\/span>: Emmagatzemen informaci\u00f3 del comportament dels usuaris obtinguda a trav\u00e9s de l&#8217;observaci\u00f3 continuada dels seus h\u00e0bits de navegaci\u00f3, la qual cosa permet desenvolupar un perfil espec\u00edfic per a mostrar publicitat en funci\u00f3 d&#8217;aquest.<\/p>\n<p><span style=\"color: #339966;\"><strong>Cookies de redes sociales externas<\/strong><\/span>: S&#8217;utilitzen perqu\u00e8 els visitants puguin interactuar amb el contingut de diferents plataformes socials (facebook, youtube, linkedIn, etc..) i que es generin \u00fanicament per als usuaris d&#8217;aquestes xarxes socials. Les condicions d&#8217;utilitzaci\u00f3 d&#8217;aquestes cookies i la informaci\u00f3 recopilada es regula per la pol\u00edtica de privacitat de la plataforma social corresponent.<\/p>\n<p><strong>Desactivaci\u00f3n y eliminaci\u00f3n de cookies<\/strong><\/p>\n<p>Tens l&#8217;opci\u00f3 de permetre, bloquejar o eliminar les cookies instal\u00b7lades en el teu equip mitjan\u00e7ant la configuraci\u00f3 de les opcions del navegador instal\u00b7lat en el seu equip. En desactivar cookies, alguns dels serveis disponibles podrien deixar d&#8217;estar operatius. La manera de deshabilitar les cookies \u00e9s diferent per a cada navegador, per\u00f2 normalment pot fer-se des del men\u00fa Eines o Opcions. Tamb\u00e9 pot consultar-se el men\u00fa d&#8217;Ajuda del navegador on pots trobar instruccions. L&#8217;usuari podr\u00e0 en qualsevol moment triar quines cookies vol que funcionin en aquest lloc web.<\/p>\n<p>Pot vost\u00e8 permetre, bloquejar o eliminar les cookies instal\u00b7lades en el seu equip mitjan\u00e7ant la configuraci\u00f3 de les opcions del navegador instal\u00b7lat en el seu ordinador:<\/p>\n<ul>\n<li>Microsoft Internet Explorer o Microsoft Edge: http:\/\/windows.microsoft.com\/es-es\/windows-vista\/block-or-allow-cookies<\/li>\n<li>Mozilla Firefox: http:\/\/support.mozilla.org\/es\/kb\/impedir-que-los-sitios-web-guarden-sus-preferencia<\/li>\n<li>Chrome: https:\/\/support.google.com\/accounts\/answer\/61416?hl=es<\/li>\n<li>Safari: http:\/\/safari.helpmax.net\/es\/privacidad-y-seguridad\/como-gestionar-las-cookies\/<\/li>\n<li>Opera: http:\/\/help.opera.com\/linux\/10.60\/es-es\/cookies.html<\/li>\n<\/ul>\n<p>A m\u00e9s, tamb\u00e9 pot gestionar el magatzem de cookies en el seu navegador a trav\u00e9s d&#8217;eines com les seg\u00fcents:<\/p>\n<ul>\n<li>Ghostery: www.ghostery.com<\/li>\n<li>Your Online Choices: www.youronlinechoices.com\/es\/<\/li>\n<\/ul>\n<p><strong>Cookies utilitzades en www.psicologiailuro.com<\/strong><\/p>\n<p>A continuaci\u00f3n se identifican las cookies que est\u00e1n siendo utilizadas en este portal as\u00ed como su tipolog\u00eda y funci\u00f3n:<\/p>\n<p><span style=\"color: #008000;\"><strong>_ga<\/strong><\/span><br \/>\nDurada: 2 anys<br \/>\nDescripci\u00f3: Serveix per a distingir als usuaris. Generada per Google Analytics. Google emmagatzema la informaci\u00f3 recollida per les cookies en servidors situats als Estats Units, complint amb la legislaci\u00f3 Europea quant a protecci\u00f3 de dades personals i es compromet a no compartir-la amb tercers, excepte quan la llei l&#8217;obligui a aix\u00f2 o sigui necessari per al funcionament del sistema. Google no associa el seu *direccion IP amb cap altra *informacion que tingui. Si desitja obtenir m\u00e9s informaci\u00f3 sobre les cookies usades per Google Analytics, si us plau accedeixi a aquesta adre\u00e7a: https:\/\/developers.google.com\/analytics\/devguides\/collection\/analyticsjs\/cookie-usage?hl=es&amp;csw=1<br \/>\nTipus: Tercer<br \/>\nFinalitat: Anal\u00edtica<\/p>\n<p><strong><span style=\"color: #008000;\">_gat<\/span><\/strong><br \/>\nDurada: 1 minut<br \/>\nDescripci\u00f3: Utilitzada per a mostrar la nostra publicitat en altres p\u00e0gines de la xarxa de Google. Generada per Google Analytics. Google emmagatzema la informaci\u00f3 recollida per les cookies en servidors situats als Estats Units, complint amb la legislaci\u00f3 Europea quant a protecci\u00f3 de dades personals i es compromet a no compartir-la amb tercers, excepte quan la llei l&#8217;obligui a aix\u00f2 o sigui necessari per al funcionament del sistema. Google no associa la seva adre\u00e7a IP amb cap altra informaci\u00f3 que tingui. Si desitja obtenir m\u00e9s informaci\u00f3 sobre les cookies usades per Google Analytics, si us plau accedeixi a aquesta adre\u00e7a: https:\/\/developers.google.com\/analytics\/devguides\/collection\/analyticsjs\/cookie-usage?hl=es&amp;csw=1<br \/>\nTipus: Tercer<br \/>\nFinalitat: Publicitat comportamental<\/p>\n<p><span style=\"color: #008000;\"><strong>_gid<\/strong><\/span><br \/>\nDurada: 24 hores<br \/>\nDescripci\u00f3: Generada per Google Analytics. Google emmagatzema la informaci\u00f3 recollida per les cookies en servidors situats als Estats Units, complint amb la legislaci\u00f3 Europea quant a protecci\u00f3 de dades personals i es compromet a no compartir-la amb tercers, excepte quan la llei l&#8217;obligui a aix\u00f2 o sigui necessari per al funcionament del sistema. Google no associa la seva adre\u00e7a IP amb cap altra informaci\u00f3 que tingui. Si desitja obtenir m\u00e9s informaci\u00f3 sobre les cookies usades per Google Analytics, si us plau accedeixi a aquesta adre\u00e7a: https:\/\/developers.google.com\/analytics\/devguides\/collection\/analyticsjs\/cookie-usage?hl=es&amp;csw<br \/>\nTipus: Tercer<br \/>\nFinalitat: Publicitat comportamental<br \/>\nwww.psicologiailuro.com mostra informaci\u00f3 sobre la seva Pol\u00edtica de cookies en la part inferior o superior de qualsevol p\u00e0gina del portal amb cada inici de sessi\u00f3.<\/p>\n<p>Davant aquesta informaci\u00f3 \u00e9s possible dur a terme les seg\u00fcents accions:<\/p>\n<ul>\n<li><span style=\"color: #008000;\"><strong>Acceptar cookies<\/strong><\/span>: No es tornar\u00e0 a visualitzar aquest av\u00eds en accedir a qualsevol p\u00e0gina del portal durant la present sessi\u00f3.<\/li>\n<li><span style=\"color: #008000;\"><strong>Modificar\/personalitzar la seva configuraci\u00f3<\/strong><\/span>: Podr\u00e0 obtenir m\u00e9s informaci\u00f3 sobre qu\u00e8 s\u00f3n les cookies, con\u00e8ixer la Pol\u00edtica de cookies de: www.psicologiailuro.com i modificar la configuraci\u00f3 del seu navegador.<br \/>\nREV: 20.3009<\/li>\n<\/ul>","protected":false},"excerpt":{"rendered":"<p>Pol\u00edtica de cookies Paola Picardo Souto informa sobre l&#8217;\u00fas de les cookies en la seva p\u00e0gina web: www.psicologiailuro.com Qu\u00e8 s\u00f3n les cookies? Les cookies s\u00f3n arxius que es poden descarregar en el seu equip a trav\u00e9s de les p\u00e0gines web. S\u00f3n eines que tenen un paper essencial per a la prestaci\u00f3 de nombrosos serveis de &#8230; <a title=\"Pol\u00edtica de cookies\" class=\"read-more\" href=\"https:\/\/psicologiailuro.com\/es\/avis-legal-politica-de-cookies\" aria-label=\"Leer m\u00e1s sobre Pol\u00edtica de cookies\">Leer m\u00e1s<\/a><\/p>","protected":false},"author":1,"featured_media":0,"parent":0,"menu_order":0,"comment_status":"closed","ping_status":"closed","template":"","meta":{"footnotes":""},"class_list":["post-335","page","type-page","status-publish"],"_links":{"self":[{"href":"https:\/\/psicologiailuro.com\/es\/wp-json\/wp\/v2\/pages\/335","targetHints":{"allow":["GET"]}}],"collection":[{"href":"https:\/\/psicologiailuro.com\/es\/wp-json\/wp\/v2\/pages"}],"about":[{"href":"https:\/\/psicologiailuro.com\/es\/wp-json\/wp\/v2\/types\/page"}],"author":[{"embeddable":true,"href":"https:\/\/psicologiailuro.com\/es\/wp-json\/wp\/v2\/users\/1"}],"replies":[{"embeddable":true,"href":"https:\/\/psicologiailuro.com\/es\/wp-json\/wp\/v2\/comments?post=335"}],"version-history":[{"count":7,"href":"https:\/\/psicologiailuro.com\/es\/wp-json\/wp\/v2\/pages\/335\/revisions"}],"predecessor-version":[{"id":344,"href":"https:\/\/psicologiailuro.com\/es\/wp-json\/wp\/v2\/pages\/335\/revisions\/344"}],"wp:attachment":[{"href":"https:\/\/psicologiailuro.com\/es\/wp-json\/wp\/v2\/media?parent=335"}],"curies":[{"name":"wp","href":"https:\/\/api.w.org\/{rel}","templated":true}]}}