{"id":36,"date":"2018-09-14T19:21:32","date_gmt":"2018-09-14T19:21:32","guid":{"rendered":"http:\/\/psicologiailuro.com\/?page_id=36"},"modified":"2026-02-25T20:38:21","modified_gmt":"2026-02-25T20:38:21","slug":"infancia","status":"publish","type":"page","link":"https:\/\/psicologiailuro.com\/es\/infancia","title":{"rendered":"Infancia"},"content":{"rendered":"<p>Los ni\u00f1os pasan por diferentes fases cr\u00edticas durante su desarrollo y, a menudo, las familias nos preguntan si el comportamiento que muestra su hijo\/a ante algunas circunstancias forma parte de lo que se podr\u00eda considerar esperable, o no. Por eso es importante conocer cu\u00e1l es el <span style=\"color: #4d4f13;\"><strong>desarrollo esperado<\/strong> <\/span>para los ni\u00f1os de su grupo de edad, y as\u00ed, saber si hace falta preocuparse por los comportamientos o habilidades que muestra.<\/p>\n\n\n<figure class=\"wp-block-image size-full is-resized hero-full\"><img loading=\"lazy\" decoding=\"async\" width=\"1584\" height=\"396\" src=\"http:\/\/psicologiailuro.com\/wp-content\/uploads\/2026\/02\/infantil.png\" alt=\"\" class=\"wp-image-729\" style=\"width:1120px;height:auto\" srcset=\"https:\/\/psicologiailuro.com\/wp-content\/uploads\/2026\/02\/infantil.png 1584w, https:\/\/psicologiailuro.com\/wp-content\/uploads\/2026\/02\/infantil-300x75.png 300w, https:\/\/psicologiailuro.com\/wp-content\/uploads\/2026\/02\/infantil-1024x256.png 1024w, https:\/\/psicologiailuro.com\/wp-content\/uploads\/2026\/02\/infantil-768x192.png 768w, https:\/\/psicologiailuro.com\/wp-content\/uploads\/2026\/02\/infantil-1536x384.png 1536w, https:\/\/psicologiailuro.com\/wp-content\/uploads\/2026\/02\/infantil-18x5.png 18w\" sizes=\"auto, (max-width: 1584px) 100vw, 1584px\" \/><\/figure>\n\n\n\n<p>\u00a0<\/p>\n<p>Tambi\u00e9n se tienen que tener en cuenta<span style=\"color: #4d4f13;\"><strong> las caracter\u00edsticas de personalidad<\/strong><\/span> del ni\u00f1o o ni\u00f1a, ya que su comportamiento podr\u00eda explicarse simplemente porque es m\u00e1s introvertido o m\u00e1s inquieto, y no porque tenga alguna dificultad o trastorno.<\/p>\n<p>Sea cual sea la dificultad observable, el trabajo con las familias y la ayuda en la crianza es esencial. En algunos casos, incluso, ser\u00e1 hacia donde se dirija exclusivamente la intervenci\u00f3n del especialista, ya que el motivo de consulta podr\u00eda resolverse estableciendo cambios en las pautas de educaci\u00f3n o en las din\u00e1micas familiares.<\/p>\n<p>No siempre ser\u00e1 necesario esperar a que aparezca el problema, ya que podemos operar desde la <span style=\"color: #4d4f13;\"><strong>prevenci\u00f3n<\/strong><\/span>. En ocasiones, se recomienda consultar cuando se prevee que el ni\u00f1o tendr\u00e1 que hacer frente a un cambio importante que lo puede desestabilizar (separaci\u00f3n de los padres, la muerte de una persona cercana, etc.)<\/p>\n<p style=\"text-align: center;\"><span style=\"color: #4d4f13;\"><strong>MOTIVOS DE CONSULTA M\u00c1S FRECUENTES:\u00a0<\/strong><\/span><\/p>\n\n\n\n<div class=\"wp-block-columns is-layout-flex wp-container-core-columns-is-layout-9d6595d7 wp-block-columns-is-layout-flex\">\n<div class=\"wp-block-column is-vertically-aligned-center is-layout-flow wp-block-column-is-layout-flow\">\n<figure class=\"wp-block-image size-full is-resized cercle-hover hover-regulacio\"><img loading=\"lazy\" decoding=\"async\" width=\"1000\" height=\"1000\" src=\"http:\/\/psicologiailuro.com\/wp-content\/uploads\/2026\/02\/1.png\" alt=\"\" class=\"wp-image-528\" style=\"width:240px;height:auto\" srcset=\"https:\/\/psicologiailuro.com\/wp-content\/uploads\/2026\/02\/1.png 1000w, https:\/\/psicologiailuro.com\/wp-content\/uploads\/2026\/02\/1-300x300.png 300w, https:\/\/psicologiailuro.com\/wp-content\/uploads\/2026\/02\/1-150x150.png 150w, https:\/\/psicologiailuro.com\/wp-content\/uploads\/2026\/02\/1-768x768.png 768w, https:\/\/psicologiailuro.com\/wp-content\/uploads\/2026\/02\/1-12x12.png 12w\" sizes=\"auto, (max-width: 1000px) 100vw, 1000px\" \/><figcaption class=\"wp-element-caption\">Explosiones de enfado<br>Baja tolerancia a la frustraci\u00f3n<br>Dificultades para calmarse<br>Cambios repentinos del estado de \u00e1nimo<br>Tristeza o apat\u00eda<br>Miedo intenso<br>Tics o conductas repetitivas<br>Malestar f\u00edsico sin causa m\u00e9dica<\/figcaption><\/figure>\n\n\n\n<p style=\"text-align: center;\">Regulaci\u00f3n emocional<\/p>\n<\/div>\n\n\n\n<div class=\"wp-block-column is-vertically-aligned-center is-layout-flow wp-block-column-is-layout-flow\">\n<figure class=\"wp-block-image size-full is-resized\"><img loading=\"lazy\" decoding=\"async\" width=\"1000\" height=\"1000\" src=\"http:\/\/psicologiailuro.com\/wp-content\/uploads\/2026\/02\/5.png\" alt=\"\" class=\"wp-image-532\" style=\"width:239px;height:auto\" srcset=\"https:\/\/psicologiailuro.com\/wp-content\/uploads\/2026\/02\/5.png 1000w, https:\/\/psicologiailuro.com\/wp-content\/uploads\/2026\/02\/5-300x300.png 300w, https:\/\/psicologiailuro.com\/wp-content\/uploads\/2026\/02\/5-150x150.png 150w, https:\/\/psicologiailuro.com\/wp-content\/uploads\/2026\/02\/5-768x768.png 768w, https:\/\/psicologiailuro.com\/wp-content\/uploads\/2026\/02\/5-12x12.png 12w\" sizes=\"auto, (max-width: 1000px) 100vw, 1000px\" \/><figcaption class=\"wp-element-caption\">Separaci\u00f3n\/divorcio de los progenitores<br>Muerte de una persona cercana<br>Cambio de colegio o de domicilio<br>Nacimiento de un hermano\/a<\/figcaption><\/figure>\n\n\n\n<p style=\"text-align: center;\">Procesos de duelo y cambios vitales<\/p>\n<\/div>\n\n\n\n<div class=\"wp-block-column is-vertically-aligned-center is-layout-flow wp-block-column-is-layout-flow\">\n<figure class=\"wp-block-image size-full is-resized\"><img loading=\"lazy\" decoding=\"async\" width=\"1000\" height=\"1000\" src=\"http:\/\/psicologiailuro.com\/wp-content\/uploads\/2026\/02\/6.png\" alt=\"\" class=\"wp-image-533\" style=\"width:242px;height:auto\" srcset=\"https:\/\/psicologiailuro.com\/wp-content\/uploads\/2026\/02\/6.png 1000w, https:\/\/psicologiailuro.com\/wp-content\/uploads\/2026\/02\/6-300x300.png 300w, https:\/\/psicologiailuro.com\/wp-content\/uploads\/2026\/02\/6-150x150.png 150w, https:\/\/psicologiailuro.com\/wp-content\/uploads\/2026\/02\/6-768x768.png 768w, https:\/\/psicologiailuro.com\/wp-content\/uploads\/2026\/02\/6-12x12.png 12w\" sizes=\"auto, (max-width: 1000px) 100vw, 1000px\" \/><figcaption class=\"wp-element-caption\">Dificultades para hacer amigos\/as<br>Dificultades para comunicarse<br>Conflictos con los iguales<br>Problemas para integrarse en el grupo<br>Aislamiento o rechazo social<br>Dependencia excesiva de los adultos<\/figcaption><\/figure>\n\n\n\n<p style=\"text-align: center;\">Dificultades en las relaciones<\/p>\n<\/div>\n<\/div>\n\n\n\n<div class=\"wp-block-columns is-layout-flex wp-container-core-columns-is-layout-9d6595d7 wp-block-columns-is-layout-flex\">\n<div class=\"wp-block-column is-vertically-aligned-center is-layout-flow wp-block-column-is-layout-flow\">\n<figure class=\"wp-block-image size-full is-resized\"><img loading=\"lazy\" decoding=\"async\" width=\"1000\" height=\"1000\" src=\"http:\/\/psicologiailuro.com\/wp-content\/uploads\/2026\/02\/3.png\" alt=\"\" class=\"wp-image-530\" style=\"width:245px;height:auto\" srcset=\"https:\/\/psicologiailuro.com\/wp-content\/uploads\/2026\/02\/3.png 1000w, https:\/\/psicologiailuro.com\/wp-content\/uploads\/2026\/02\/3-300x300.png 300w, https:\/\/psicologiailuro.com\/wp-content\/uploads\/2026\/02\/3-150x150.png 150w, https:\/\/psicologiailuro.com\/wp-content\/uploads\/2026\/02\/3-768x768.png 768w, https:\/\/psicologiailuro.com\/wp-content\/uploads\/2026\/02\/3-12x12.png 12w\" sizes=\"auto, (max-width: 1000px) 100vw, 1000px\" \/><figcaption class=\"wp-element-caption\">Baja confianza en si mismo\/a<br>Miedo a equivocarse<br>Dificultad para tomar decisiones<br>Autoexigencia excesiva<br>Sentimientos de no ser suficiente<br>Comparaciones constantes con los otros<\/figcaption><\/figure>\n\n\n\n<p style=\"text-align: center;\">Autoestima e inseguridad<\/p>\n<\/div>\n\n\n\n<div class=\"wp-block-column is-vertically-aligned-center is-layout-flow wp-block-column-is-layout-flow\">\n<figure class=\"wp-block-image size-full is-resized\"><img loading=\"lazy\" decoding=\"async\" width=\"1000\" height=\"1000\" src=\"http:\/\/psicologiailuro.com\/wp-content\/uploads\/2026\/02\/4.png\" alt=\"\" class=\"wp-image-531\" style=\"width:246px;height:auto\" srcset=\"https:\/\/psicologiailuro.com\/wp-content\/uploads\/2026\/02\/4.png 1000w, https:\/\/psicologiailuro.com\/wp-content\/uploads\/2026\/02\/4-300x300.png 300w, https:\/\/psicologiailuro.com\/wp-content\/uploads\/2026\/02\/4-150x150.png 150w, https:\/\/psicologiailuro.com\/wp-content\/uploads\/2026\/02\/4-768x768.png 768w, https:\/\/psicologiailuro.com\/wp-content\/uploads\/2026\/02\/4-12x12.png 12w\" sizes=\"auto, (max-width: 1000px) 100vw, 1000px\" \/><figcaption class=\"wp-element-caption\">Dificultades para aceptar l\u00edmites<br>Conductas desafiantes o agresivas<br>Impulsividad<br>Dificultades para concentrarse<br>Regresiones (vuelve a conductas ya logradas)<\/figcaption><\/figure>\n\n\n\n<p style=\"text-align: center;\">Conducta y l\u00edmites<\/p>\n<\/div>\n\n\n\n<div class=\"wp-block-column is-vertically-aligned-center is-layout-flow wp-block-column-is-layout-flow\">\n<figure class=\"wp-block-image size-full is-resized\"><img loading=\"lazy\" decoding=\"async\" width=\"1000\" height=\"1000\" src=\"http:\/\/psicologiailuro.com\/wp-content\/uploads\/2026\/02\/2.png\" alt=\"\" class=\"wp-image-529\" style=\"width:245px;height:auto\" srcset=\"https:\/\/psicologiailuro.com\/wp-content\/uploads\/2026\/02\/2.png 1000w, https:\/\/psicologiailuro.com\/wp-content\/uploads\/2026\/02\/2-300x300.png 300w, https:\/\/psicologiailuro.com\/wp-content\/uploads\/2026\/02\/2-150x150.png 150w, https:\/\/psicologiailuro.com\/wp-content\/uploads\/2026\/02\/2-768x768.png 768w, https:\/\/psicologiailuro.com\/wp-content\/uploads\/2026\/02\/2-12x12.png 12w\" sizes=\"auto, (max-width: 1000px) 100vw, 1000px\" \/><figcaption class=\"wp-element-caption\">Experiencias de maltrato<br>Situaciones de violencia<br>Acoso escolar<br>Entornos familiares complejos<\/figcaption><\/figure>\n\n\n\n<p style=\"text-align: center;\">Situaciones de vulnerabilidad<\/p>\n<\/div>\n<\/div>","protected":false},"excerpt":{"rendered":"<p>Els infants passen per diferents fases cr\u00edtiques durant el seu desenvolupament i, sovint, les fam\u00edlies es pregunten si el comportament que mostra el seu fill\/a davant d&#8217;algunes circumst\u00e0ncies forma part del que es pot considerar esperable, o no. Per aix\u00f2 \u00e9s important con\u00e9ixer quin \u00e9s el desenvolupament esperat per als infants del seu grup d&#8217;edat, &#8230; <a title=\"Infancia\" class=\"read-more\" href=\"https:\/\/psicologiailuro.com\/es\/infancia\" aria-label=\"Leer m\u00e1s sobre Inf\u00e0ncia\">Leer m\u00e1s<\/a><\/p>","protected":false},"author":1,"featured_media":0,"parent":0,"menu_order":0,"comment_status":"closed","ping_status":"closed","template":"","meta":{"footnotes":""},"class_list":["post-36","page","type-page","status-publish"],"_links":{"self":[{"href":"https:\/\/psicologiailuro.com\/es\/wp-json\/wp\/v2\/pages\/36","targetHints":{"allow":["GET"]}}],"collection":[{"href":"https:\/\/psicologiailuro.com\/es\/wp-json\/wp\/v2\/pages"}],"about":[{"href":"https:\/\/psicologiailuro.com\/es\/wp-json\/wp\/v2\/types\/page"}],"author":[{"embeddable":true,"href":"https:\/\/psicologiailuro.com\/es\/wp-json\/wp\/v2\/users\/1"}],"replies":[{"embeddable":true,"href":"https:\/\/psicologiailuro.com\/es\/wp-json\/wp\/v2\/comments?post=36"}],"version-history":[{"count":60,"href":"https:\/\/psicologiailuro.com\/es\/wp-json\/wp\/v2\/pages\/36\/revisions"}],"predecessor-version":[{"id":843,"href":"https:\/\/psicologiailuro.com\/es\/wp-json\/wp\/v2\/pages\/36\/revisions\/843"}],"wp:attachment":[{"href":"https:\/\/psicologiailuro.com\/es\/wp-json\/wp\/v2\/media?parent=36"}],"curies":[{"name":"wp","href":"https:\/\/api.w.org\/{rel}","templated":true}]}}