{"id":38,"date":"2018-09-14T19:23:48","date_gmt":"2018-09-14T19:23:48","guid":{"rendered":"http:\/\/psicologiailuro.com\/?page_id=38"},"modified":"2026-02-26T09:01:11","modified_gmt":"2026-02-26T09:01:11","slug":"adolescencia","status":"publish","type":"page","link":"https:\/\/psicologiailuro.com\/es\/adolescencia","title":{"rendered":"Adolescencia"},"content":{"rendered":"<p>En la adolescencia conviven un gran n\u00famero de cambios (emocionales, f\u00edsicos, ps\u00edquicos, cognitivos, sociales, sexuales, ...) que exigen una adaptaci\u00f3n y elaboraci\u00f3n tanto por parte de los j\u00f3venes como por parte de sus familias.<\/p>\n<p>Es cierto que no todos los adolescentes necesitan ayuda en la resoluci\u00f3n de sus conflictos, pero se tiene que tener en cuenta que <span style=\"color: #003300;\"><strong>es una etapa sumamente sensible a la aparici\u00f3n de complicaciones<\/strong><\/span> que pueden llegar a ser de cierta gravedad.&nbsp;<\/p>\n\n\n\n<figure class=\"wp-block-image size-large hero-full\"><img loading=\"lazy\" decoding=\"async\" width=\"1024\" height=\"256\" src=\"http:\/\/psicologiailuro.com\/wp-content\/uploads\/2026\/02\/2-copia-1024x256.png\" alt=\"\" class=\"wp-image-677\" srcset=\"https:\/\/psicologiailuro.com\/wp-content\/uploads\/2026\/02\/2-copia-1024x256.png 1024w, https:\/\/psicologiailuro.com\/wp-content\/uploads\/2026\/02\/2-copia-300x75.png 300w, https:\/\/psicologiailuro.com\/wp-content\/uploads\/2026\/02\/2-copia-768x192.png 768w, https:\/\/psicologiailuro.com\/wp-content\/uploads\/2026\/02\/2-copia-1536x384.png 1536w, https:\/\/psicologiailuro.com\/wp-content\/uploads\/2026\/02\/2-copia-18x5.png 18w, https:\/\/psicologiailuro.com\/wp-content\/uploads\/2026\/02\/2-copia.png 1584w\" sizes=\"auto, (max-width: 1024px) 100vw, 1024px\" \/><\/figure>\n\n\n<p>\u00a0<\/p>\n<p>La pertenencia del adolescente a un grupo se vuelve esencial para su desarrollo y, a veces, cuando existe una cierta inestabilidad ps\u00edquica o emocional puede llegar a hacer o dejar de hacer cosas que en otro contexto no se hubieran dado. Las propias autoexigencias del joven o bien los pactos de silencio, amenazas o secretos (que tienen un lugar especial en esta etapa) pueden dificultar que pueda pedir ayuda cuando la necesita.<\/p>\n<p style=\"text-align: center;\"><span style=\"color: #003300;\"><strong><span style=\"font-size: 14pt;\">MOTIVOS DE CONSULTA M\u00c1S FRECUENTES:<\/span><\/strong><\/span><\/p>\n\n\n<div class=\"wp-block-columns is-layout-flex wp-container-core-columns-is-layout-9d6595d7 wp-block-columns-is-layout-flex\">\n<div class=\"wp-block-column is-layout-flow wp-block-column-is-layout-flow\">\n<figure class=\"wp-block-image size-full\"><img loading=\"lazy\" decoding=\"async\" width=\"320\" height=\"320\" src=\"http:\/\/psicologiailuro.com\/wp-content\/uploads\/2026\/02\/7-1.png\" alt=\"\" class=\"wp-image-697\" srcset=\"https:\/\/psicologiailuro.com\/wp-content\/uploads\/2026\/02\/7-1.png 320w, https:\/\/psicologiailuro.com\/wp-content\/uploads\/2026\/02\/7-1-300x300.png 300w, https:\/\/psicologiailuro.com\/wp-content\/uploads\/2026\/02\/7-1-150x150.png 150w, https:\/\/psicologiailuro.com\/wp-content\/uploads\/2026\/02\/7-1-12x12.png 12w\" sizes=\"auto, (max-width: 320px) 100vw, 320px\" \/><figcaption class=\"wp-element-caption\">Baja confianza en si mismo\/a<br>Autoexigencia y autocr\u00edtica excesiva<br>Miedo a equivocarse o fracasar<br>Comparaciones constantes con los otros<br>Dificultad para definir qui\u00e9n es y qu\u00e9 quiere<\/figcaption><\/figure>\n\n\n\n<p style=\"text-align: center;\">Autoestima e identidad<\/p>\n<\/div>\n\n\n\n<div class=\"wp-block-column is-layout-flow wp-block-column-is-layout-flow\">\n<figure class=\"wp-block-image size-full\"><img loading=\"lazy\" decoding=\"async\" width=\"1024\" height=\"1024\" src=\"http:\/\/psicologiailuro.com\/wp-content\/uploads\/2026\/02\/ChatGPT-Image-22-feb-2026-21_48_12.png\" alt=\"\" class=\"wp-image-699\" srcset=\"https:\/\/psicologiailuro.com\/wp-content\/uploads\/2026\/02\/ChatGPT-Image-22-feb-2026-21_48_12.png 1024w, https:\/\/psicologiailuro.com\/wp-content\/uploads\/2026\/02\/ChatGPT-Image-22-feb-2026-21_48_12-300x300.png 300w, https:\/\/psicologiailuro.com\/wp-content\/uploads\/2026\/02\/ChatGPT-Image-22-feb-2026-21_48_12-150x150.png 150w, https:\/\/psicologiailuro.com\/wp-content\/uploads\/2026\/02\/ChatGPT-Image-22-feb-2026-21_48_12-768x768.png 768w, https:\/\/psicologiailuro.com\/wp-content\/uploads\/2026\/02\/ChatGPT-Image-22-feb-2026-21_48_12-12x12.png 12w\" sizes=\"auto, (max-width: 1024px) 100vw, 1024px\" \/><figcaption class=\"wp-element-caption\">Dificultades para aceptar l\u00edmites<br>Problemas de comunicaci\u00f3n y conflictos en casa<br>Confrontaciones constantes<br>Impulsividad<br>Conductas agresivas<\/figcaption><\/figure>\n\n\n\n<p style=\"text-align: center;\">Conducta y l\u00edmites<\/p>\n<\/div>\n\n\n\n<div class=\"wp-block-column is-layout-flow wp-block-column-is-layout-flow\">\n<figure class=\"wp-block-image size-full\"><img loading=\"lazy\" decoding=\"async\" width=\"1024\" height=\"1024\" src=\"http:\/\/psicologiailuro.com\/wp-content\/uploads\/2026\/02\/Conducta.png\" alt=\"\" class=\"wp-image-700\" srcset=\"https:\/\/psicologiailuro.com\/wp-content\/uploads\/2026\/02\/Conducta.png 1024w, https:\/\/psicologiailuro.com\/wp-content\/uploads\/2026\/02\/Conducta-300x300.png 300w, https:\/\/psicologiailuro.com\/wp-content\/uploads\/2026\/02\/Conducta-150x150.png 150w, https:\/\/psicologiailuro.com\/wp-content\/uploads\/2026\/02\/Conducta-768x768.png 768w, https:\/\/psicologiailuro.com\/wp-content\/uploads\/2026\/02\/Conducta-12x12.png 12w\" sizes=\"auto, (max-width: 1024px) 100vw, 1024px\" \/><figcaption class=\"wp-element-caption\">Tristeza o apat\u00eda persistente<br>Ansiedad o preocupaci\u00f3n excesiva<br>Irritabilidad<br>Sensaci\u00f3n de vac\u00edo<br>Cambios repentinos del estado de \u00e1nimo<\/figcaption><\/figure>\n\n\n\n<p style=\"text-align: center;\">Malestar emocional<\/p>\n<\/div>\n<\/div>\n\n\n\n<div class=\"wp-block-columns is-layout-flex wp-container-core-columns-is-layout-9d6595d7 wp-block-columns-is-layout-flex\">\n<div class=\"wp-block-column is-layout-flow wp-block-column-is-layout-flow\">\n<figure class=\"wp-block-image size-full\"><img loading=\"lazy\" decoding=\"async\" width=\"320\" height=\"320\" src=\"http:\/\/psicologiailuro.com\/wp-content\/uploads\/2026\/02\/10-1.png\" alt=\"\" class=\"wp-image-661\" srcset=\"https:\/\/psicologiailuro.com\/wp-content\/uploads\/2026\/02\/10-1.png 320w, https:\/\/psicologiailuro.com\/wp-content\/uploads\/2026\/02\/10-1-300x300.png 300w, https:\/\/psicologiailuro.com\/wp-content\/uploads\/2026\/02\/10-1-150x150.png 150w, https:\/\/psicologiailuro.com\/wp-content\/uploads\/2026\/02\/10-1-12x12.png 12w\" sizes=\"auto, (max-width: 320px) 100vw, 320px\" \/><figcaption class=\"wp-element-caption\">Insatisfacci\u00f3n con el cuerpo<br>Relaci\u00f3n conflictiva con la alimentaci\u00f3n<br>Preocupaci\u00f3n excesiva por la imagen<br>Conductas de riesgo (autolesiones, consumo incipiente de t\u00f3xicos,...)<br>Dependencia del m\u00f3vil o de las pantallas<\/figcaption><\/figure>\n\n\n\n<p style=\"text-align: center;\">Relaci\u00f3n con el cuerpo y conductas de riesgo<\/p>\n\n\n<\/div>\n\n\n\n<div class=\"wp-block-column is-layout-flow wp-block-column-is-layout-flow\">\n<figure class=\"wp-block-image size-full\"><img loading=\"lazy\" decoding=\"async\" width=\"320\" height=\"320\" src=\"http:\/\/psicologiailuro.com\/wp-content\/uploads\/2026\/02\/11-1.png\" alt=\"\" class=\"wp-image-666\" srcset=\"https:\/\/psicologiailuro.com\/wp-content\/uploads\/2026\/02\/11-1.png 320w, https:\/\/psicologiailuro.com\/wp-content\/uploads\/2026\/02\/11-1-300x300.png 300w, https:\/\/psicologiailuro.com\/wp-content\/uploads\/2026\/02\/11-1-150x150.png 150w, https:\/\/psicologiailuro.com\/wp-content\/uploads\/2026\/02\/11-1-12x12.png 12w\" sizes=\"auto, (max-width: 320px) 100vw, 320px\" \/><figcaption class=\"wp-element-caption\">Miedo al rechazo<br>Dificultades para hacer o mantener amistades<br>Aislamiento social<br>Dependencia excesiva del grupo<br>Presi\u00f3n del grupo<br>Dificultades para poner l\u00edmites<br>Bullying<\/figcaption><\/figure>\n\n\n\n<p style=\"text-align: center;\">Relaciones y grupo de iguales<\/p>\n<\/div>\n\n\n\n<div class=\"wp-block-column is-layout-flow wp-block-column-is-layout-flow\">\n<figure class=\"wp-block-image size-full\"><img loading=\"lazy\" decoding=\"async\" width=\"320\" height=\"320\" src=\"http:\/\/psicologiailuro.com\/wp-content\/uploads\/2026\/02\/12-2.png\" alt=\"\" class=\"wp-image-667\" srcset=\"https:\/\/psicologiailuro.com\/wp-content\/uploads\/2026\/02\/12-2.png 320w, https:\/\/psicologiailuro.com\/wp-content\/uploads\/2026\/02\/12-2-300x300.png 300w, https:\/\/psicologiailuro.com\/wp-content\/uploads\/2026\/02\/12-2-150x150.png 150w, https:\/\/psicologiailuro.com\/wp-content\/uploads\/2026\/02\/12-2-12x12.png 12w\" sizes=\"auto, (max-width: 320px) 100vw, 320px\" \/><figcaption class=\"wp-element-caption\">Preocupaci\u00f3n constante o excesiva<br>Bloqueos ante ex\u00e1menes o situaciones de evaluaci\u00f3n<br>Dificultades de concentraci\u00f3n<br>Por al frac\u00e0s<br>Atacs de p\u00e0nic<\/figcaption><\/figure>\n\n\n\n<p style=\"text-align: center;\">Ansietat i pressi\u00f3 acad\u00e8mica<\/p>\n\n\n\n\n<\/div>\n<\/div>","protected":false},"excerpt":{"rendered":"<p>En l&#8217;adolesc\u00e8ncia conviuen un gran nombre de canvis (emocionals, f\u00edsics, ps\u00edquics, cognitius, socials, sexuals, &#8230;) que exigeixen una adaptaci\u00f3 i elaboraci\u00f3 tant per part dels joves com per part de les seves fam\u00edlies. \u00c9s cert que no tots els adolescents necessiten suport en la resoluci\u00f3 dels seus conflictes, per\u00f2 s&#8217;ha de tenir present que \u00e9s &#8230; <a title=\"Adolescencia\" class=\"read-more\" href=\"https:\/\/psicologiailuro.com\/es\/adolescencia\" aria-label=\"Leer m\u00e1s sobre Adolesc\u00e8ncia\">Leer m\u00e1s<\/a><\/p>","protected":false},"author":1,"featured_media":0,"parent":0,"menu_order":0,"comment_status":"closed","ping_status":"closed","template":"","meta":{"footnotes":""},"class_list":["post-38","page","type-page","status-publish"],"_links":{"self":[{"href":"https:\/\/psicologiailuro.com\/es\/wp-json\/wp\/v2\/pages\/38","targetHints":{"allow":["GET"]}}],"collection":[{"href":"https:\/\/psicologiailuro.com\/es\/wp-json\/wp\/v2\/pages"}],"about":[{"href":"https:\/\/psicologiailuro.com\/es\/wp-json\/wp\/v2\/types\/page"}],"author":[{"embeddable":true,"href":"https:\/\/psicologiailuro.com\/es\/wp-json\/wp\/v2\/users\/1"}],"replies":[{"embeddable":true,"href":"https:\/\/psicologiailuro.com\/es\/wp-json\/wp\/v2\/comments?post=38"}],"version-history":[{"count":45,"href":"https:\/\/psicologiailuro.com\/es\/wp-json\/wp\/v2\/pages\/38\/revisions"}],"predecessor-version":[{"id":853,"href":"https:\/\/psicologiailuro.com\/es\/wp-json\/wp\/v2\/pages\/38\/revisions\/853"}],"wp:attachment":[{"href":"https:\/\/psicologiailuro.com\/es\/wp-json\/wp\/v2\/media?parent=38"}],"curies":[{"name":"wp","href":"https:\/\/api.w.org\/{rel}","templated":true}]}}