{"id":472,"date":"2026-02-12T21:17:45","date_gmt":"2026-02-12T21:17:45","guid":{"rendered":"http:\/\/psicologiailuro.com\/?page_id=472"},"modified":"2026-02-25T19:07:55","modified_gmt":"2026-02-25T19:07:55","slug":"supervisions","status":"publish","type":"page","link":"https:\/\/psicologiailuro.com\/es\/supervisions","title":{"rendered":"Supervisiones"},"content":{"rendered":"<p class=\"p1\"><span class=\"s1\">La supervisi\u00f3n es un espacio de trabajo y pensamiento cl\u00ednico donde revisar casos, profundizar en la comprensi\u00f3n diagn\u00f3stica y reflexionar sobre el proceso terap\u00e9utico. Permite detenerse y explorar qu\u00e9 est\u00e1 ocurriendo en la relaci\u00f3n con el paciente, qu\u00e9 se moviliza en el v\u00ednculo terap\u00e9utico y qu\u00e9 dificultades pueden aparecer a lo largo del tratamiento.<\/span><\/p>\n<p class=\"p1\"><span class=\"s1\">Es un lugar para pensar la posici\u00f3n del terapeuta, la manera como se construye la relaci\u00f3n con cada paciente, los movimientos que se producen en el proceso y las decisiones t\u00e9cnicas que se toman. La supervisi\u00f3n ayuda a ordenar el material cl\u00ednico, a dar sentido a lo que surge durante las sesiones y a sostener la complejidad del trabajo terap\u00e9utico con m\u00e1s claridad y consistencia.<\/span><\/p>\n\n\n\n<figure class=\"wp-block-image size-large hero-full\"><img loading=\"lazy\" decoding=\"async\" width=\"1024\" height=\"256\" src=\"https:\/\/psicologiailuro.com\/wp-content\/uploads\/2026\/02\/supervisions-1024x256.png\" alt=\"\" class=\"wp-image-817\" srcset=\"https:\/\/psicologiailuro.com\/wp-content\/uploads\/2026\/02\/supervisions-1024x256.png 1024w, https:\/\/psicologiailuro.com\/wp-content\/uploads\/2026\/02\/supervisions-300x75.png 300w, https:\/\/psicologiailuro.com\/wp-content\/uploads\/2026\/02\/supervisions-768x192.png 768w, https:\/\/psicologiailuro.com\/wp-content\/uploads\/2026\/02\/supervisions-1536x384.png 1536w, https:\/\/psicologiailuro.com\/wp-content\/uploads\/2026\/02\/supervisions-18x5.png 18w, https:\/\/psicologiailuro.com\/wp-content\/uploads\/2026\/02\/supervisions.png 1584w\" sizes=\"auto, (max-width: 1024px) 100vw, 1024px\" \/><\/figure>\n\n\n\n<p>\u00a0<\/p>\n<p class=\"p1\"><span class=\"s1\">Ofrecemos espacios de supervisi\u00f3n cl\u00ednica dirigidos a psicoterapeutas que se encuentran en los primeros a\u00f1os de pr\u00e1ctica cl\u00ednica o en proceso de consolidaci\u00f3n de su experiencia profesional.<\/span><\/p>\n<p class=\"p1\"><span class=\"s1\">Las supervisiones se realizan en formato individual, de manera presencial en nuestras instalaciones o en modalidad telem\u00e1tica.<\/span><\/p>","protected":false},"excerpt":{"rendered":"<p>La supervisi\u00f3 \u00e9s un espai de treball i pensament cl\u00ednic on revisar casos, aprofundir en la comprensi\u00f3 diagn\u00f2stica i reflexionar sobre el proc\u00e9s terap\u00e8utic. Permet aturar-se i explorar qu\u00e8 s\u2019est\u00e0 desplegant en la relaci\u00f3 amb el pacient, qu\u00e8 es mobilitza en el vincle terap\u00e8utic i quines dificultats poden apar\u00e8ixer al llarg del tractament. \u00c9s un &#8230; <a title=\"Supervisiones\" class=\"read-more\" href=\"https:\/\/psicologiailuro.com\/es\/supervisions\" aria-label=\"Leer m\u00e1s sobre Supervisions\">Leer m\u00e1s<\/a><\/p>","protected":false},"author":1,"featured_media":0,"parent":0,"menu_order":0,"comment_status":"closed","ping_status":"closed","template":"","meta":{"footnotes":""},"class_list":["post-472","page","type-page","status-publish"],"_links":{"self":[{"href":"https:\/\/psicologiailuro.com\/es\/wp-json\/wp\/v2\/pages\/472","targetHints":{"allow":["GET"]}}],"collection":[{"href":"https:\/\/psicologiailuro.com\/es\/wp-json\/wp\/v2\/pages"}],"about":[{"href":"https:\/\/psicologiailuro.com\/es\/wp-json\/wp\/v2\/types\/page"}],"author":[{"embeddable":true,"href":"https:\/\/psicologiailuro.com\/es\/wp-json\/wp\/v2\/users\/1"}],"replies":[{"embeddable":true,"href":"https:\/\/psicologiailuro.com\/es\/wp-json\/wp\/v2\/comments?post=472"}],"version-history":[{"count":6,"href":"https:\/\/psicologiailuro.com\/es\/wp-json\/wp\/v2\/pages\/472\/revisions"}],"predecessor-version":[{"id":822,"href":"https:\/\/psicologiailuro.com\/es\/wp-json\/wp\/v2\/pages\/472\/revisions\/822"}],"wp:attachment":[{"href":"https:\/\/psicologiailuro.com\/es\/wp-json\/wp\/v2\/media?parent=472"}],"curies":[{"name":"wp","href":"https:\/\/api.w.org\/{rel}","templated":true}]}}