{"id":48,"date":"2018-09-14T19:30:57","date_gmt":"2018-09-14T19:30:57","guid":{"rendered":"http:\/\/psicologiailuro.com\/?page_id=48"},"modified":"2026-02-25T15:53:39","modified_gmt":"2026-02-25T15:53:39","slug":"xerrades","status":"publish","type":"page","link":"https:\/\/psicologiailuro.com\/es\/xerrades","title":{"rendered":"Talleres"},"content":{"rendered":"<p class=\"p1\"><span class=\"s1\">Dise\u00f1amos e impartimos charlas y formaciones dirigidas a escuelas infantiles, colegios, institutos, asociaciones, entidades y otras instituciones, adaptadas a la demanda y a las necesidades espec\u00edficas de cada centro. Cada propuesta se construye a medida, teniendo en cuenta la realidad del centro y los objetivos que se quieren trabajar.<\/span><\/p>\n<p class=\"p1\"><span class=\"s1\">Las sesiones pueden tener un formato divulgativo o m\u00e1s formativo, seg\u00fan el contexto y el p\u00fablico destinatario (familias, equipos educativos, profesionales, j\u00f3venes, etc.). El objetivo es ofrecer herramientas de comprensi\u00f3n e intervenci\u00f3n que ayuden a abordar situaciones habituales en el \u00e1mbito educativo y relacional.<\/span><\/p>\n\n\n<figure class=\"wp-block-image size-large hero-full\"><img loading=\"lazy\" decoding=\"async\" width=\"1024\" height=\"256\" src=\"https:\/\/psicologiailuro.com\/wp-content\/uploads\/2026\/02\/xerrada-1024x256.png\" alt=\"\" class=\"wp-image-807\" srcset=\"https:\/\/psicologiailuro.com\/wp-content\/uploads\/2026\/02\/xerrada-1024x256.png 1024w, https:\/\/psicologiailuro.com\/wp-content\/uploads\/2026\/02\/xerrada-300x75.png 300w, https:\/\/psicologiailuro.com\/wp-content\/uploads\/2026\/02\/xerrada-768x192.png 768w, https:\/\/psicologiailuro.com\/wp-content\/uploads\/2026\/02\/xerrada-1536x384.png 1536w, https:\/\/psicologiailuro.com\/wp-content\/uploads\/2026\/02\/xerrada-18x5.png 18w, https:\/\/psicologiailuro.com\/wp-content\/uploads\/2026\/02\/xerrada.png 1584w\" sizes=\"auto, (max-width: 1024px) 100vw, 1024px\" \/><\/figure>\n\n\n\n<p>\u00a0<\/p>\n<p class=\"p1\"><span class=\"s1\">Las tem\u00e1ticas se definen conjuntamente con la entidad solicitante y pueden incluir, entre otras:<\/span><\/p>\n<ul>\n<li class=\"p1\"><span class=\"s1\">Desarrollo emocional en la infancia y la adolescencia<\/span><\/li>\n<li class=\"p1\"><span class=\"s1\">Gesti\u00f3n de l\u00edmites y conductas disruptivas<\/span><\/li>\n<li class=\"p1\"><span class=\"s1\">Uso de pantallas y entorno digital<\/span><\/li>\n<li class=\"p1\"><span class=\"s1\">Ansiedad, regulaci\u00f3n emocional y autoestima<\/span><\/li>\n<li class=\"p1\"><span class=\"s1\">Relaciones entre iguales y prevenci\u00f3n de conflictos<\/span><\/li>\n<li class=\"p1\"><span class=\"s1\">Acompa\u00f1amiento a las familias en momentos de cambio<\/span><\/li>\n<\/ul>","protected":false},"excerpt":{"rendered":"<p>Dissenyem i impartim xerrades i formacions adre\u00e7ades a escoles bressol, escoles, instituts, associacions, entitats i altres institucions, adaptades a la demanda i a les necessitats espec\u00edfiques de cada centre. Cada proposta es construeix a mida, tenint en compte la realitat del centre i els objectius que es volen treballar. Les sessions poden tenir un format &#8230; <a title=\"Talleres\" class=\"read-more\" href=\"https:\/\/psicologiailuro.com\/es\/xerrades\" aria-label=\"Leer m\u00e1s sobre Xerrades\">Leer m\u00e1s<\/a><\/p>","protected":false},"author":1,"featured_media":0,"parent":0,"menu_order":0,"comment_status":"closed","ping_status":"closed","template":"","meta":{"footnotes":""},"class_list":["post-48","page","type-page","status-publish"],"_links":{"self":[{"href":"https:\/\/psicologiailuro.com\/es\/wp-json\/wp\/v2\/pages\/48","targetHints":{"allow":["GET"]}}],"collection":[{"href":"https:\/\/psicologiailuro.com\/es\/wp-json\/wp\/v2\/pages"}],"about":[{"href":"https:\/\/psicologiailuro.com\/es\/wp-json\/wp\/v2\/types\/page"}],"author":[{"embeddable":true,"href":"https:\/\/psicologiailuro.com\/es\/wp-json\/wp\/v2\/users\/1"}],"replies":[{"embeddable":true,"href":"https:\/\/psicologiailuro.com\/es\/wp-json\/wp\/v2\/comments?post=48"}],"version-history":[{"count":7,"href":"https:\/\/psicologiailuro.com\/es\/wp-json\/wp\/v2\/pages\/48\/revisions"}],"predecessor-version":[{"id":811,"href":"https:\/\/psicologiailuro.com\/es\/wp-json\/wp\/v2\/pages\/48\/revisions\/811"}],"wp:attachment":[{"href":"https:\/\/psicologiailuro.com\/es\/wp-json\/wp\/v2\/media?parent=48"}],"curies":[{"name":"wp","href":"https:\/\/api.w.org\/{rel}","templated":true}]}}