{"id":8,"date":"2018-09-14T18:44:31","date_gmt":"2018-09-14T18:44:31","guid":{"rendered":"http:\/\/psicologiailuro.com\/?page_id=8"},"modified":"2026-03-11T12:09:21","modified_gmt":"2026-03-11T12:09:21","slug":"inicio","status":"publish","type":"page","link":"https:\/\/psicologiailuro.com\/es\/","title":{"rendered":"Inicio"},"content":{"rendered":"<div class=\"wp-block-columns is-layout-flex wp-container-core-columns-is-layout-9d6595d7 wp-block-columns-is-layout-flex\">\n<div class=\"wp-block-column is-vertically-aligned-center is-layout-flow wp-block-column-is-layout-flow\" style=\"flex-basis:33.33%\">\n<p><em>Es en el v\u00ednculo terap\u00e9utico donde tejemos lo que est\u00e1 confuso, fragmentado y herido para poder encontrar un nuevo camino.<\/em><\/p>\n\n\n\n<div class=\"wp-block-buttons is-content-justification-center is-layout-flex wp-container-core-buttons-is-layout-16018d1d wp-block-buttons-is-layout-flex\">\n<div class=\"wp-block-button\"><a class=\"wp-block-button__link wp-element-button\" href=\"tel:+34937414723\">Cont\u00e1ctanos<\/a><\/div>\n<\/div>\n<\/div>\n\n\n\n<div class=\"wp-block-column is-vertically-aligned-center is-layout-flow wp-block-column-is-layout-flow\" style=\"flex-basis:66.66%\">\n<figure class=\"wp-block-image size-large\"><img loading=\"lazy\" decoding=\"async\" width=\"1024\" height=\"569\" src=\"http:\/\/psicologiailuro.com\/wp-content\/uploads\/2026\/02\/Imatge_HP_HR-1-1024x569.png\" alt=\"\" class=\"wp-image-481\" srcset=\"https:\/\/psicologiailuro.com\/wp-content\/uploads\/2026\/02\/Imatge_HP_HR-1-1024x569.png 1024w, https:\/\/psicologiailuro.com\/wp-content\/uploads\/2026\/02\/Imatge_HP_HR-1-300x167.png 300w, https:\/\/psicologiailuro.com\/wp-content\/uploads\/2026\/02\/Imatge_HP_HR-1-768x427.png 768w, https:\/\/psicologiailuro.com\/wp-content\/uploads\/2026\/02\/Imatge_HP_HR-1-1536x853.png 1536w, https:\/\/psicologiailuro.com\/wp-content\/uploads\/2026\/02\/Imatge_HP_HR-1-2048x1138.png 2048w, https:\/\/psicologiailuro.com\/wp-content\/uploads\/2026\/02\/Imatge_HP_HR-1-18x10.png 18w\" sizes=\"auto, (max-width: 1024px) 100vw, 1024px\" \/><\/figure>\n<\/div>\n<\/div>\n\n\n\n<p><span style=\"color: #4d4f13;\"><strong><span style=\"font-size: 14pt;\">\u00bfQui\u00e9nes somos?<\/span><\/strong><\/span><\/p>\n\n\n\n<p>Somos un equipo de psicoterapeutas con una larga trayectoria y una amplia experiencia profesional en diferentes \u00e1mbitos de la atenci\u00f3n psicol\u00f3gica.<\/p>\n\n\n\n<p>Escogimos el nombre de Iluro por referencia al origen romano de la ciudad, como s\u00edmbolo de nuestro v\u00ednculo de m\u00e1s de 25 a\u00f1os con el territorio, y tambi\u00e9n como una manera de poner en valor la importancia de conocer de d\u00f3nde venimos para entender qui\u00e9nes somos hoy.<\/p>\n\n\n\n<p><strong>\u00bfC\u00f3mo trabajamos?<\/strong><\/p>\n\n\n\n<div class=\"wp-block-columns is-layout-flex wp-container-core-columns-is-layout-9d6595d7 wp-block-columns-is-layout-flex\">\n<div class=\"wp-block-column is-layout-flow wp-block-column-is-layout-flow\">\n<p style=\"text-align: left;\">Nuestra manera de trabajar parte de una mirada integradora, cuidadosa y personalizada que tiene en cuenta la historia previa, el momento vital actual y los recursos de cada persona.<\/p>\n<p style=\"text-align: left;\">Despu\u00e9s de recoger el motivo de consulta, realizamos una serie de visitas de exploraci\u00f3n que nos permiten conocer a la persona en profundidad y establecer una primera orientaci\u00f3n diagn\u00f3stica, imprescindible para comprender el malestar y definir el proceso terap\u00e9utico m\u00e1s adecuado. A partir de aqu\u00ed, dise\u00f1amos un plan de acompa\u00f1amiento adaptado a cada situaci\u00f3n, respetando el ritmo y las necesidades de cada persona.<\/p>\n<p style=\"text-align: left;\">Ofrecemos tanto atenci\u00f3n presencial como por videoconferencia, y contamos con la colaboraci\u00f3n de un equipo externo de profesionales sanitarios (m\u00e9dicos y otros especialistas).<\/p>\n<p style=\"text-align: left;\">Para que el tratamiento psicoterap\u00e9utico sea integral, es imprescindible que haya coordinaci\u00f3n con los diferentes profesionales que puedan estar atendiendo a la persona (\u00e1mbito escolar, CDIAP, CSMIJ, EAP, CSMA, \u00e0mbit laboral, etc.)<\/p>\n<\/div>\n\n\n\n<div class=\"wp-block-column is-layout-flow wp-block-column-is-layout-flow\">\n<div class=\"timeline-iluro\" style=\"text-align:left;\">\n  <div class=\"timeline-item\">\n    <div class=\"timeline-number\">1<\/div>\n    <div class=\"timeline-content\">\n      <h3>Primera entrevista de acogida<\/h3>\n      <p>Recogemos el motivo de consulta e iniciamos una primera comprensi\u00f3n del malestar.<\/p>\n    <\/div>\n  <\/div>\n\n  <div class=\"timeline-item\">\n    <div class=\"timeline-number\">2<\/div>\n    <div class=\"timeline-content\">\n      <h3>Proceso de exploraci\u00f3n<\/h3>\n      <p>Realizamos diversas visitas para conocer a la persona en profundidad y establecer una orientaci\u00f3n diagn\u00f3stica.<\/p>\n    <\/div>\n  <\/div>\n\n  <div class=\"timeline-item\">\n    <div class=\"timeline-number\">3<\/div>\n    <div class=\"timeline-content\">\n      <h3>Devoluci\u00f3n y plan terap\u00e9utico<\/h3>\n      <p>Compartimos la comprensi\u00f3n cl\u00ednica y definimos conjuntamente el proceso de trabajo.<\/p>\n    <\/div>\n  <\/div>\n\n  <div class=\"timeline-item\">\n    <div class=\"timeline-number\">4<\/div>\n    <div class=\"timeline-content\">\n      <h3>Intervenci\u00f3n psicoterap\u00e9utica<\/h3>\n      <p>Iniciamos un proceso terap\u00e9utico adaptado al ritmo y a las necesidades de cada persona.<\/p>\n    <\/div>\n  <\/div>\n<\/div>\n<\/div>\n<\/div>\n\n\n\n<p><span style=\"color: #4d4f13;\"><strong><span style=\"font-size: 14pt;\">\u00bfCu\u00e1ndo consultar?<\/span><\/strong><\/span><\/p>\n\n\n\n<p>A menudo resulta dif\u00edcil saber cu\u00e1ndo ha llegado el momento de pedir ayuda profesional. Muchas personas dudan a la hora de dar este paso, creen (o les han hecho creer) que deben ser capaces de gestionar solas sus dificultades o que pedir apoyo es un signo de debilidad. Pero solicitar asesoramiento psicol\u00f3gico es una actitud madura y consciente, propia de quien quiere comprender mejor lo que le sucede para aprender a utilizar sus recursos de una manera saludable.&nbsp;<\/p>","protected":false},"excerpt":{"rendered":"<p>\u00c9s en el vincle terap\u00e8utic on teixim el que est\u00e0 conf\u00fas, fragmentat i ferit per poder trobar un nou cam\u00ed. Qui som? Som un equip de psicoterapeutes amb una llarga traject\u00f2ria i una \u00e0mplia experi\u00e8ncia professional en diferents \u00e0mbits de l\u2019atenci\u00f3 psicol\u00f2gica. Vam triar el nom&nbsp;d&#8217;Iluro&nbsp;per refer\u00e8ncia a l\u2019origen rom\u00e0 de la ciutat, com a &#8230; <a title=\"Inicio\" class=\"read-more\" href=\"https:\/\/psicologiailuro.com\/es\/\" aria-label=\"Leer m\u00e1s sobre Inici\">Leer m\u00e1s<\/a><\/p>","protected":false},"author":1,"featured_media":0,"parent":0,"menu_order":0,"comment_status":"closed","ping_status":"closed","template":"","meta":{"footnotes":""},"class_list":["post-8","page","type-page","status-publish"],"_links":{"self":[{"href":"https:\/\/psicologiailuro.com\/es\/wp-json\/wp\/v2\/pages\/8","targetHints":{"allow":["GET"]}}],"collection":[{"href":"https:\/\/psicologiailuro.com\/es\/wp-json\/wp\/v2\/pages"}],"about":[{"href":"https:\/\/psicologiailuro.com\/es\/wp-json\/wp\/v2\/types\/page"}],"author":[{"embeddable":true,"href":"https:\/\/psicologiailuro.com\/es\/wp-json\/wp\/v2\/users\/1"}],"replies":[{"embeddable":true,"href":"https:\/\/psicologiailuro.com\/es\/wp-json\/wp\/v2\/comments?post=8"}],"version-history":[{"count":63,"href":"https:\/\/psicologiailuro.com\/es\/wp-json\/wp\/v2\/pages\/8\/revisions"}],"predecessor-version":[{"id":905,"href":"https:\/\/psicologiailuro.com\/es\/wp-json\/wp\/v2\/pages\/8\/revisions\/905"}],"wp:attachment":[{"href":"https:\/\/psicologiailuro.com\/es\/wp-json\/wp\/v2\/media?parent=8"}],"curies":[{"name":"wp","href":"https:\/\/api.w.org\/{rel}","templated":true}]}}